{"id":1081,"date":"2020-05-21T08:56:48","date_gmt":"2020-05-21T08:56:48","guid":{"rendered":"https:\/\/sebastien.niclasse.ch\/?page_id=1081"},"modified":"2026-05-16T13:12:36","modified_gmt":"2026-05-16T13:12:36","slug":"blog","status":"publish","type":"page","link":"https:\/\/www.snic.art\/de\/","title":{"rendered":"Accueil"},"content":{"rendered":"\n<div style=\"height:50px\" aria-hidden=\"true\" class=\"wp-block-spacer\"><\/div>\n\n\n\n<h2 class=\"wp-block-heading has-text-align-center\" style=\"font-size:30px;font-style:normal;font-weight:400\">Getrieben von Leidenschaft, getragen von Begeisterung, geleitet vom Wunsch, gemeinsam zu kreieren<\/h2>\n\n\n\n<div style=\"height:100px\" aria-hidden=\"true\" class=\"wp-block-spacer\"><\/div>\n\n\n\n<div class=\"wp-block-group has-medium-font-size\"><div class=\"wp-block-group__inner-container is-layout-constrained wp-block-group-is-layout-constrained\"><div class=\"wp-block-image is-style-default\">\n<figure class=\"aligncenter size-full is-resized\"><img alt=\"\" loading=\"lazy\" decoding=\"async\" width=\"1927\" height=\"2560\" src=\"https:\/\/www.snic.art\/wp-content\/uploads\/2025\/08\/snic8-v-1-scaled.png\" alt=\"\" class=\"wp-image-2033\" style=\"width:600px\" srcset=\"https:\/\/www.snic.art\/wp-content\/uploads\/2025\/08\/snic8-v-1-scaled.png 1927w, https:\/\/www.snic.art\/wp-content\/uploads\/2025\/08\/snic8-v-1-226x300.png 226w, https:\/\/www.snic.art\/wp-content\/uploads\/2025\/08\/snic8-v-1-771x1024.png 771w, https:\/\/www.snic.art\/wp-content\/uploads\/2025\/08\/snic8-v-1-768x1020.png 768w, https:\/\/www.snic.art\/wp-content\/uploads\/2025\/08\/snic8-v-1-1156x1536.png 1156w, https:\/\/www.snic.art\/wp-content\/uploads\/2025\/08\/snic8-v-1-1542x2048.png 1542w, https:\/\/www.snic.art\/wp-content\/uploads\/2025\/08\/snic8-v-1-920x1222.png 920w\" sizes=\"auto, (max-width: 1927px) 100vw, 1927px\" \/><\/figure>\n<\/div><\/div><\/div>\n\n\n\n<div style=\"height:40px\" aria-hidden=\"true\" class=\"wp-block-spacer\"><\/div>\n\n\n\n<h1 class=\"wp-block-heading has-text-align-center\">Meine Leistungen<\/h1>\n\n\n\n<div class=\"wp-block-media-text is-stacked-on-mobile\" style=\"grid-template-columns:43% auto\"><figure class=\"wp-block-media-text__media\"><img alt=\"\" loading=\"lazy\" decoding=\"async\" width=\"897\" height=\"641\" src=\"https:\/\/www.snic.art\/wp-content\/uploads\/2025\/08\/faci.png\" alt=\"\" class=\"wp-image-1926 size-full\" srcset=\"https:\/\/www.snic.art\/wp-content\/uploads\/2025\/08\/faci.png 897w, https:\/\/www.snic.art\/wp-content\/uploads\/2025\/08\/faci-300x214.png 300w, https:\/\/www.snic.art\/wp-content\/uploads\/2025\/08\/faci-768x549.png 768w\" sizes=\"auto, (max-width: 897px) 100vw, 897px\" \/><\/figure><div class=\"wp-block-media-text__content\">\n<p class=\"has-medium-font-size\"><strong><strong><strong>Gruppenmoderation<\/strong><\/strong><\/strong><\/p>\n\n\n\n<p>Die Kunst, Arbeit zu strukturieren und Gruppen zu effektiver Zusammenarbeit zu f\u00fchren. Ob es darum geht, schneller Ergebnisse zu erzielen, heterogene Gruppen zur Zusammenarbeit zu bringen, innovative L\u00f6sungen in Co-Kreation zu entwickeln oder Kreativit\u00e4t im Team zu f\u00f6rdern \u2013 ich konzipiere und moderiere ma\u00dfgeschneiderte Workshops, dank welchen Sie Ihre Ziele optimal erreichen.<\/p>\n\n\n\n<p><strong>\u00dcber 90 Workshops seit 2019 moderiert und <br>\u00fcber 100 Trainingstage seit 2017<\/strong> <strong>gegeben, wie zum Beispiel:<\/strong> <\/p>\n\n\n\n<ul class=\"wp-block-list\">\n<li>Design Thinking und Kreativworkshops<\/li>\n\n\n\n<li>World Caf\u00e9s mit \u00fcber 60 Teilnehmer<\/li>\n\n\n\n<li>Markteinf\u00fchrung von Produkten und Dienstleistungen<\/li>\n\n\n\n<li>Co-Moderation strategischer Prozesse<\/li>\n<\/ul>\n<\/div><\/div>\n\n\n\n<div style=\"height:40px\" aria-hidden=\"true\" class=\"wp-block-spacer\"><\/div>\n\n\n\n<div class=\"wp-block-media-text has-media-on-the-right is-stacked-on-mobile\" style=\"grid-template-columns:auto 42%\"><div class=\"wp-block-media-text__content\">\n<p class=\"has-medium-font-size\"><strong><strong><strong>Kundenerlebnis (UX &#038; CX)<\/strong><\/strong><\/strong><\/p>\n\n\n\n<p>Die Kunst, den Kunden in- und auswendig zu kennen. Alles, was Sie brauchen, um ein perfektes Kundenerlebnis zu schaffen. Ich unterst\u00fctze sowohl die Kundenforschung als auch die Erstellung von Mockups und Benutzeroberfl\u00e4chen (UI) sowie die Durchf\u00fchrung von Usability-Tests. Damit Sie einfach besser sind als die Konkurrenz \u2013 und Ihre Kunden zufrieden sind.<\/p>\n\n\n\n<p><strong>Meine St\u00e4rke: <strong>\u00fcber 15 Jahre Erfahrung in UX\/CX<\/strong>, u. a.:<\/strong> <\/p>\n\n\n\n<ul class=\"wp-block-list\">\n<li>Persona-Studien, Customer Journey Mapping, Needfinding, Bed\u00fcrfnisvalidierung<\/li>\n\n\n\n<li>Erstellung und Testing von Prototypen (Sketch, Figma) f\u00fcr \u00fcber 50 Web-, Mobile-, SAP-Anwendungen, Websites, Landing Pages und UX-Konzepte<\/li>\n<\/ul>\n\n\n\n<div class=\"wp-block-buttons is-layout-flex wp-block-buttons-is-layout-flex\">\n<div class=\"wp-block-button is-style-fill\"><a class=\"wp-block-button__link has-white-color has-text-color has-link-color wp-element-button\" href=\"https:\/\/www.snic.art\/de\/work\/\">Portfolio<\/a><\/div>\n<\/div>\n<\/div><figure class=\"wp-block-media-text__media\"><img alt=\"\" loading=\"lazy\" decoding=\"async\" width=\"641\" height=\"493\" src=\"https:\/\/www.snic.art\/wp-content\/uploads\/2025\/08\/ux-cx.png\" alt=\"\" class=\"wp-image-1927 size-full\" srcset=\"https:\/\/www.snic.art\/wp-content\/uploads\/2025\/08\/ux-cx.png 641w, https:\/\/www.snic.art\/wp-content\/uploads\/2025\/08\/ux-cx-300x231.png 300w\" sizes=\"auto, (max-width: 641px) 100vw, 641px\" \/><\/figure><\/div>\n\n\n\n<div style=\"height:40px\" aria-hidden=\"true\" class=\"wp-block-spacer\"><\/div>\n\n\n\n<div class=\"wp-block-media-text is-stacked-on-mobile\" style=\"grid-template-columns:42% auto\"><figure class=\"wp-block-media-text__media\"><img alt=\"\" loading=\"lazy\" decoding=\"async\" width=\"898\" height=\"442\" src=\"https:\/\/www.snic.art\/wp-content\/uploads\/2025\/08\/illus.png\" alt=\"\" class=\"wp-image-1928 size-full\" srcset=\"https:\/\/www.snic.art\/wp-content\/uploads\/2025\/08\/illus.png 898w, https:\/\/www.snic.art\/wp-content\/uploads\/2025\/08\/illus-300x148.png 300w, https:\/\/www.snic.art\/wp-content\/uploads\/2025\/08\/illus-768x378.png 768w\" sizes=\"auto, (max-width: 898px) 100vw, 898px\" \/><\/figure><div class=\"wp-block-media-text__content\">\n<p class=\"has-medium-font-size\"><strong><strong>Illustration<\/strong><\/strong><\/p>\n\n\n\n<p>Die Kunst, das richtige Bild zu finden. Ich unterst\u00fctze Ihre Projekte, Publikationen, Schulungen, Kommunikationsmassnahmen usw. Ob es darum geht, eine Idee, ein Konzept oder ein komplexes Projekt zu erkl\u00e4ren, Aussagen oder Strategien zu veranschaulichen, eine Botschaft zu vermitteln oder ein Logo zu skizzieren \u2013 unabh\u00e4ngig vom Ziel helfe ich Ihnen, das passende Bild zu finden. Von Hand erstellt und\/oder mit Unterst\u00fctzung k\u00fcnstlicher Intelligenz. <strong>Stichworte:<\/strong>&nbsp;Midjourney (KI), Visual Thinking, Scribing, Sketchnoting, ProCreate usw.<\/p>\n\n\n\n<p><strong>\u00dcber 15 Jahre Erfahrung in Business-Illustration, u. a.:<\/strong><\/p>\n\n\n\n<ul class=\"wp-block-list\">\n<li>Illustration, Visualisierung und Grafikdesign f\u00fcr Pr\u00e4sentationen, Pitches, Schulungsunterlagen<\/li>\n\n\n\n<li>Visualisierung von Strategien und Zielbildern<\/li>\n\n\n\n<li>Visual Recording von Workshops und Events<\/li>\n<\/ul>\n\n\n\n<div class=\"wp-block-buttons is-layout-flex wp-block-buttons-is-layout-flex\">\n<div class=\"wp-block-button\"><a class=\"wp-block-button__link has-white-color has-text-color has-link-color wp-element-button\" href=\"https:\/\/www.snic.art\/de\/work\/\">Portfolio<\/a><\/div>\n<\/div>\n<\/div><\/div>\n\n\n\n<div style=\"height:40px\" aria-hidden=\"true\" class=\"wp-block-spacer\"><\/div>\n\n\n\n<h1 class=\"wp-block-heading has-text-align-center\"><br>Branchen, Kunden und Referenzen<\/h1>\n\n\n\n<p class=\"has-text-align-center\"><strong>Medien<\/strong> (SRG, RTS, IMI), <strong>Transport<\/strong> (SBB, BLS, Lufthansa Technik), <strong>Akademisch<\/strong> (EPFL, UniFr, InnoSuisse Robotics), <strong>Versicherungen<\/strong> (Die Mobiliar, Assura, AXA), <strong>Verwaltung<\/strong> (VBS, EJPD, ASTRA, Kanton NE), <strong>Gesundheit<\/strong> (HUG, Johnson &#038; Johnson, Lungenliga), <strong>Lebensmittelindustrie<\/strong> (Migros, Nespresso), <strong>Weitere<\/strong> (Die Post, Pictet, ThinkSport, S-GE, TdH)<\/p>\n\n\n\n<p class=\"has-text-align-center\">Referenzen auf Anfrage.<\/p>\n\n\n\n<div class=\"wp-block-columns is-layout-flex wp-container-core-columns-is-layout-9d6595d7 wp-block-columns-is-layout-flex\">\n<div class=\"wp-block-column is-layout-flow wp-block-column-is-layout-flow\">\n<div class=\"wp-block-buttons is-content-justification-right is-layout-flex wp-container-core-buttons-is-layout-765c4724 wp-block-buttons-is-layout-flex\">\n<div class=\"wp-block-button is-style-fill\"><a class=\"wp-block-button__link has-white-color has-text-color has-link-color has-text-align-center wp-element-button\" href=\"https:\/\/www.snic.art\/de\/bio-contact\/\" target=\"_blank\" rel=\"noreferrer noopener\">Kontakt aufnehmen<\/a><\/div>\n<\/div>\n<\/div>\n\n\n\n<div class=\"wp-block-column is-layout-flow wp-block-column-is-layout-flow\">\n<div class=\"wp-block-buttons is-layout-flex wp-block-buttons-is-layout-flex\">\n<div class=\"wp-block-button\"><a class=\"wp-block-button__link has-white-color has-text-color has-link-color wp-element-button\" href=\"https:\/\/doodle.com\/bp\/s%C3%A9bastienniclasse1\/faisons-connaissance-\" target=\"_blank\" rel=\"noreferrer noopener\">Termin vereinbaren<\/a><\/div>\n<\/div>\n<\/div>\n<\/div>\n","protected":false},"excerpt":{"rendered":"<p>Getrieben von Leidenschaft, getragen von Begeisterung, geleitet vom Wunsch, gemeinsam zu kreieren Meine Leistungen Branchen, Kunden und Referenzen Medien (SRG, RTS, IMI), Transport (SBB, BLS, Lufthansa Technik), Akademisch (EPFL, UniFr, InnoSuisse Robotics), Versicherungen (Die Mobiliar, Assura, AXA), Verwaltung (VBS, EJPD, ASTRA, Kanton NE), Gesundheit (HUG, Johnson &#038; Johnson, Lungenliga), Lebensmittelindustrie (Migros, Nespresso), Weitere (Die Post,&#8230;<\/p>\n","protected":false},"author":2,"featured_media":0,"parent":0,"menu_order":0,"comment_status":"closed","ping_status":"closed","template":"template-full-width.php","meta":{"_seopress_robots_primary_cat":"","_seopress_titles_title":"Facilitation, UX & illustration | snic.art","_seopress_titles_desc":"Trop de discussions, pas assez d\u2019avancement ? J\u2019aide vos \u00e9quipes \u00e0 collaborer, innover et rendre leurs id\u00e9es claires et concr\u00e8tes gr\u00e2ce \u00e0 la facilitation, au design UX et \u00e0 l\u2019illustration.","_seopress_robots_index":"","_seopress_analysis_target_kw":"","footnotes":""},"class_list":["post-1081","page","type-page","status-publish","hentry","has-content"],"_links":{"self":[{"href":"https:\/\/www.snic.art\/de\/wp-json\/wp\/v2\/pages\/1081","targetHints":{"allow":["GET"]}}],"collection":[{"href":"https:\/\/www.snic.art\/de\/wp-json\/wp\/v2\/pages"}],"about":[{"href":"https:\/\/www.snic.art\/de\/wp-json\/wp\/v2\/types\/page"}],"author":[{"embeddable":true,"href":"https:\/\/www.snic.art\/de\/wp-json\/wp\/v2\/users\/2"}],"replies":[{"embeddable":true,"href":"https:\/\/www.snic.art\/de\/wp-json\/wp\/v2\/comments?post=1081"}],"version-history":[{"count":92,"href":"https:\/\/www.snic.art\/de\/wp-json\/wp\/v2\/pages\/1081\/revisions"}],"predecessor-version":[{"id":2267,"href":"https:\/\/www.snic.art\/de\/wp-json\/wp\/v2\/pages\/1081\/revisions\/2267"}],"wp:attachment":[{"href":"https:\/\/www.snic.art\/de\/wp-json\/wp\/v2\/media?parent=1081"}],"curies":[{"name":"wp","href":"https:\/\/api.w.org\/{rel}","templated":true}]}}