{"id":1467,"date":"2024-04-14T14:37:37","date_gmt":"2024-04-14T14:37:37","guid":{"rendered":"https:\/\/www.snic.art\/?page_id=1467"},"modified":"2025-11-10T14:01:24","modified_gmt":"2025-11-10T14:01:24","slug":"bio-contact","status":"publish","type":"page","link":"https:\/\/www.snic.art\/de\/bio-contact\/","title":{"rendered":"Bio &#038; Kontakt"},"content":{"rendered":"\n<h1 class=\"wp-block-heading has-medium-font-size\">S\u00e9bastien Niclasse<\/h1>\n\n\n\n<h3 class=\"wp-block-heading has-small-font-size\"><strong>Freelance Business &#038; innovation coach \u2022 Creative facilitator \u2022 Enthusiast Teacher <\/strong><br><strong>Passionate illustrator, Graphic Facilitator and UX Designer<\/strong><\/h3>\n\n\n\n<p><a href=\"https:\/\/www.linkedin.com\/in\/niclasse\">linkedin.com\/in\/niclasse<\/a><\/p>\n\n\n\n<p>Ein paar Worte zu meinem Werdegang. Ich bin 20 Jahre lang in Bern aufgewachsen und habe daher das Privileg, zweisprachig zu sein und Schwizerd\u00fctsch zu verstehen. Z\u00f6gern Sie nicht, mir auf Deutsch zu schreiben \ud83d\ude00 an die Adresse info at snic.art<\/p>\n\n\n\n<p>In meinem \u201eersten beruflichen Leben\u201c habe ich Informatik an der Ingenieurschule in Freiburg studiert. Ich habe Anwendungen in Java und Datenbanken entwickelt. Ich habe gelernt, die Hintergr\u00fcnde der Informatik, die Algorithmen, die Programmierung und diejenigen, die sie zum Leben erwecken, zu verstehen.<\/p>\n\n\n\n<p>Technik ist gut, aber mir fehlte der menschliche Aspekt. Ich begann mein \u201ezweites Leben\u201c, indem ich meine F\u00e4higkeiten mit einem MAS in Human-Computer Interaction Design (User Experience, UX) erg\u00e4nzte. Ich habe mehr \u00fcber Design, Psychologie und die Interaktion zwischen Mensch und Maschine gelernt. So konnte ich den Ingenieuren aus meinem ersten Leben helfen, angepasste und benutzbare Anwendungen zu entwickeln \ud83d\ude42<\/p>\n\n\n\n<p>In meinem \u201edritten beruflichen Leben\u201c habe ich meinen Horizont auf Innovation, Strategie und Transformation erweitert. Ich habe andere Arten von Produkten, Dienstleistungen und Prozessen entworfen. Ich habe Hunderte von Workshops und Schulungen moderiert. Ich habe Gruppen bei der partizipativen und kundenorientierten Entwicklung neuer Produkte oder Dienstleistungen begleitet. Ich habe geholfen, Strategien zu gestalten und ihre Umsetzung zu begleiten. Die Illustration in all dem? Allgegenw\u00e4rtig, um meine Arbeit zu unterst\u00fctzen, das Verst\u00e4ndnis der Teams zu erleichtern und die Akzeptanz zu erh\u00f6hen.<\/p>\n\n\n\n<p>Mein \u201eviertes berufliches Leben\u201c? Vielleicht werden Sie ein Teil davon sein? Ich freue mich auf Ihre Nachricht, Ihre Nachfrage oder Ihren Anruf.<\/p>\n\n\n\n<div class=\"wp-block-buttons is-layout-flex wp-block-buttons-is-layout-flex\">\n<div class=\"wp-block-button\"><a class=\"wp-block-button__link has-white-color has-text-color has-link-color wp-element-button\" href=\"https:\/\/doodle.com\/bp\/s%C3%A9bastienniclasse1\/faisons-connaissance-\">Termin abmachen<\/a><\/div>\n<\/div>\n\n\n\n<div style=\"height:200px\" aria-hidden=\"true\" class=\"wp-block-spacer\"><\/div>\n\n\n\n<p>Cr\u00e9dit photo: Val\u00e9rie Niclasse<\/p>\n","protected":false},"excerpt":{"rendered":"<p>S\u00e9bastien Niclasse Freelance Business &#038; innovation coach \u2022 Creative facilitator \u2022 Enthusiast Teacher Passionate illustrator, Graphic Facilitator and UX Designer linkedin.com\/in\/niclasse Ein paar Worte zu meinem Werdegang. Ich bin 20 Jahre lang in Bern aufgewachsen und habe daher das Privileg, zweisprachig zu sein und Schwizerd\u00fctsch zu verstehen. Z\u00f6gern Sie nicht, mir auf Deutsch zu schreiben&#8230;<\/p>\n","protected":false},"author":2,"featured_media":0,"parent":0,"menu_order":0,"comment_status":"closed","ping_status":"closed","template":"template-full-width.php","meta":{"_seopress_robots_primary_cat":"","_seopress_titles_title":"","_seopress_titles_desc":"","_seopress_robots_index":"","_seopress_analysis_target_kw":"","footnotes":""},"class_list":["post-1467","page","type-page","status-publish","hentry","has-content"],"_links":{"self":[{"href":"https:\/\/www.snic.art\/de\/wp-json\/wp\/v2\/pages\/1467","targetHints":{"allow":["GET"]}}],"collection":[{"href":"https:\/\/www.snic.art\/de\/wp-json\/wp\/v2\/pages"}],"about":[{"href":"https:\/\/www.snic.art\/de\/wp-json\/wp\/v2\/types\/page"}],"author":[{"embeddable":true,"href":"https:\/\/www.snic.art\/de\/wp-json\/wp\/v2\/users\/2"}],"replies":[{"embeddable":true,"href":"https:\/\/www.snic.art\/de\/wp-json\/wp\/v2\/comments?post=1467"}],"version-history":[{"count":39,"href":"https:\/\/www.snic.art\/de\/wp-json\/wp\/v2\/pages\/1467\/revisions"}],"predecessor-version":[{"id":2049,"href":"https:\/\/www.snic.art\/de\/wp-json\/wp\/v2\/pages\/1467\/revisions\/2049"}],"wp:attachment":[{"href":"https:\/\/www.snic.art\/de\/wp-json\/wp\/v2\/media?parent=1467"}],"curies":[{"name":"wp","href":"https:\/\/api.w.org\/{rel}","templated":true}]}}