{"id":1081,"date":"2020-05-21T08:56:48","date_gmt":"2020-05-21T08:56:48","guid":{"rendered":"https:\/\/sebastien.niclasse.ch\/?page_id=1081"},"modified":"2026-05-16T13:12:36","modified_gmt":"2026-05-16T13:12:36","slug":"blog","status":"publish","type":"page","link":"https:\/\/www.snic.art\/fr\/","title":{"rendered":"Accueil"},"content":{"rendered":"\n<div style=\"height:50px\" aria-hidden=\"true\" class=\"wp-block-spacer\"><\/div>\n\n\n\n<h1 class=\"wp-block-heading has-text-align-center\" style=\"font-size:30px;font-style:normal;font-weight:400\"><strong>J\u2019aide les \u00e9quipes \u00e0 collaborer, innover et concevoir des solutions centr\u00e9es utilisateur.<\/strong><\/h1>\n\n\n\n<div style=\"height:100px\" aria-hidden=\"true\" class=\"wp-block-spacer\"><\/div>\n\n\n\n<div class=\"wp-block-group has-medium-font-size\"><div class=\"wp-block-group__inner-container is-layout-constrained wp-block-group-is-layout-constrained\"><div class=\"wp-block-image is-style-default\">\n<figure class=\"aligncenter size-full is-resized\"><img alt=\"\" loading=\"lazy\" decoding=\"async\" width=\"1927\" height=\"2560\" src=\"https:\/\/www.snic.art\/wp-content\/uploads\/2025\/08\/snic8-v-1-scaled.png\" alt=\"\" class=\"wp-image-2033\" style=\"width:600px\" srcset=\"https:\/\/www.snic.art\/wp-content\/uploads\/2025\/08\/snic8-v-1-scaled.png 1927w, https:\/\/www.snic.art\/wp-content\/uploads\/2025\/08\/snic8-v-1-226x300.png 226w, https:\/\/www.snic.art\/wp-content\/uploads\/2025\/08\/snic8-v-1-771x1024.png 771w, https:\/\/www.snic.art\/wp-content\/uploads\/2025\/08\/snic8-v-1-768x1020.png 768w, https:\/\/www.snic.art\/wp-content\/uploads\/2025\/08\/snic8-v-1-1156x1536.png 1156w, https:\/\/www.snic.art\/wp-content\/uploads\/2025\/08\/snic8-v-1-1542x2048.png 1542w, https:\/\/www.snic.art\/wp-content\/uploads\/2025\/08\/snic8-v-1-920x1222.png 920w\" sizes=\"auto, (max-width: 1927px) 100vw, 1927px\" \/><\/figure>\n<\/div><\/div><\/div>\n\n\n\n<p class=\"has-text-align-center\">Par la facilitation, le design UX et l\u2019illustration, j\u2019aide les \u00e9quipes \u00e0 structurer leurs id\u00e9es et \u00e0 passer de la r\u00e9flexion \u00e0 des r\u00e9sultats concrets.<\/p>\n\n\n\n<p class=\"has-text-align-center\">Bas\u00e9 en Suisse, j\u2019interviens en fran\u00e7ais, allemand et anglais \u2014 principalement en Suisse romande et selon les projets dans toute la Suisse.<\/p>\n\n\n\n<div style=\"height:40px\" aria-hidden=\"true\" class=\"wp-block-spacer\"><\/div>\n\n\n\n<div class=\"wp-block-media-text is-stacked-on-mobile\" style=\"grid-template-columns:41% auto\"><figure class=\"wp-block-media-text__media\"><img alt=\"\" loading=\"lazy\" decoding=\"async\" width=\"897\" height=\"641\" src=\"https:\/\/www.snic.art\/wp-content\/uploads\/2025\/08\/faci.png\" alt=\"\" class=\"wp-image-1926 size-full\" srcset=\"https:\/\/www.snic.art\/wp-content\/uploads\/2025\/08\/faci.png 897w, https:\/\/www.snic.art\/wp-content\/uploads\/2025\/08\/faci-300x214.png 300w, https:\/\/www.snic.art\/wp-content\/uploads\/2025\/08\/faci-768x549.png 768w\" sizes=\"auto, (max-width: 897px) 100vw, 897px\" \/><\/figure><div class=\"wp-block-media-text__content\">\n<h1 class=\"wp-block-heading\">Facilitation de groupe<\/h1>\n\n\n\n<h2 class=\"wp-block-heading has-medium-font-size\" style=\"font-style:normal;font-weight:600;text-transform:none\">Vous \u00eates dans l\u2019une de ces situations ?<\/h2>\n\n\n\n<blockquote class=\"wp-block-quote is-layout-flow wp-block-quote-is-layout-flow\">\n<p><em>\u201c<em>On discute beaucoup mais il ne se passe pas grand-chose.<\/em> \u201d<\/em><\/p>\n<\/blockquote>\n\n\n\n<p>\u2192 Je vous aide \u00e0 transformer vos discussions en d\u00e9cisions concr\u00e8tes et en plans d\u2019action.<\/p>\n\n\n\n<blockquote class=\"wp-block-quote is-layout-flow wp-block-quote-is-layout-flow\">\n<p><em>\u201c <em>\u00c7a prend trop de temps pour mettre nos id\u00e9es sur le march\u00e9.<\/em> \u201d<\/em><\/p>\n<\/blockquote>\n\n\n\n<p>\u2192 J\u2019acc\u00e9l\u00e8re vos processus d\u2019innovation pour passer rapidement de l\u2019id\u00e9e \u00e0 un prototype testable et un produit ou service sur le march\u00e9.<\/p>\n\n\n\n<blockquote class=\"wp-block-quote is-layout-flow wp-block-quote-is-layout-flow\">\n<p><em>\u201c <em><em>Ce projet implique beaucoup de changement \u2014 comment s\u2019assurer que cela se passe bien ?<\/em><\/em> \u201d<\/em><\/p>\n<\/blockquote>\n\n\n\n<p>\u2192 J\u2019accompagne et structure le processus pour faciliter l\u2019adh\u00e9sion et faire avancer le changement de mani\u00e8re fluide.<\/p>\n\n\n\n<div class=\"wp-block-buttons is-layout-flex wp-block-buttons-is-layout-flex\">\n<div class=\"wp-block-button\"><a class=\"wp-block-button__link has-white-color has-text-color has-link-color wp-element-button\" href=\"https:\/\/www.snic.art\/fr\/facilitation-de-groupe\/\"><strong>Voir comment je peux vous accompagner<\/strong><\/a><\/div>\n<\/div>\n<\/div><\/div>\n\n\n\n<div style=\"height:40px\" aria-hidden=\"true\" class=\"wp-block-spacer\"><\/div>\n\n\n\n<div class=\"wp-block-media-text has-media-on-the-right is-stacked-on-mobile\" style=\"grid-template-columns:auto 40%\"><div class=\"wp-block-media-text__content\">\n<h1 class=\"wp-block-heading\" style=\"text-transform:none\"><strong>Exp\u00e9rience client (UX &#038; CX)<\/strong><\/h1>\n\n\n\n<p>L\u2019art de connaitre le client sur le bout des doigts. Tout ce dont vous avez besoin pour cr\u00e9er une exp\u00e9rience client parfaite. Je soutiens autant la recherche client, que la cr\u00e9ation de maquette et \u00e9cran (UI), que les tests utilisateurs. Pour \u00eatre simplement meilleur que la concurrence et pour que votre client soit satisfait.<\/p>\n\n\n\n<p><strong>15 ans d\u2019exp\u00e9rience et de mandats en UX\/CX<\/strong><\/p>\n\n\n\n<ul class=\"wp-block-list\">\n<li>Cr\u00e9ation et tests de prototypes (Sketch, Figma) de plus de 50 applications webs, mobiles, SAP, site web, landing page, <\/li>\n\n\n\n<li>cr\u00e9ation de concepts UX, Etudes de Persona, Customer Journey Map, Needfinding, validations besoins<\/li>\n<\/ul>\n\n\n\n<div class=\"wp-block-buttons is-layout-flex wp-block-buttons-is-layout-flex\">\n<div class=\"wp-block-button is-style-fill\"><a class=\"wp-block-button__link has-white-color has-text-color has-link-color wp-element-button\" href=\"https:\/\/www.snic.art\/fr\/work\/\">Portfolio<\/a><\/div>\n<\/div>\n<\/div><figure class=\"wp-block-media-text__media\"><img alt=\"\" loading=\"lazy\" decoding=\"async\" width=\"641\" height=\"493\" src=\"https:\/\/www.snic.art\/wp-content\/uploads\/2025\/08\/ux-cx.png\" alt=\"\" class=\"wp-image-1927 size-full\" srcset=\"https:\/\/www.snic.art\/wp-content\/uploads\/2025\/08\/ux-cx.png 641w, https:\/\/www.snic.art\/wp-content\/uploads\/2025\/08\/ux-cx-300x231.png 300w\" sizes=\"auto, (max-width: 641px) 100vw, 641px\" \/><\/figure><\/div>\n\n\n\n<div style=\"height:40px\" aria-hidden=\"true\" class=\"wp-block-spacer\"><\/div>\n\n\n\n<div class=\"wp-block-media-text is-stacked-on-mobile\" style=\"grid-template-columns:42% auto\"><figure class=\"wp-block-media-text__media\"><img alt=\"\" loading=\"lazy\" decoding=\"async\" width=\"898\" height=\"442\" src=\"https:\/\/www.snic.art\/wp-content\/uploads\/2025\/08\/illus.png\" alt=\"\" class=\"wp-image-1928 size-full\" srcset=\"https:\/\/www.snic.art\/wp-content\/uploads\/2025\/08\/illus.png 898w, https:\/\/www.snic.art\/wp-content\/uploads\/2025\/08\/illus-300x148.png 300w, https:\/\/www.snic.art\/wp-content\/uploads\/2025\/08\/illus-768x378.png 768w\" sizes=\"auto, (max-width: 898px) 100vw, 898px\" \/><\/figure><div class=\"wp-block-media-text__content\">\n<p class=\"has-medium-font-size\"><strong>Illustration<\/strong><\/p>\n\n\n\n<p>L\u2019art de trouver la bonne image. Je soutiens vos projets, vos publications, vos formations, vos communications, etc. Que ce soit pour expliquer une id\u00e9e, un concept ou un projet complexe, illustrer des propos ou une strat\u00e9gie, passer un message ou esquisser un logo. Quelle que soit la finalit\u00e9, je vous aide \u00e0 trouver l\u2019image juste. R\u00e9alis\u00e9e \u00e0 la main et ou avec l\u2019aide de l\u2019intelligence artificielle. <br><strong>Mots clefs :<\/strong>&nbsp;Midjourney (IA), visual thinking, scribing, sketchnoting, ProCreate, etc.<\/p>\n\n\n\n<p><strong>Plus de 15 ans de business illustration<\/strong><\/p>\n\n\n\n<p>Visual recording d\u2019ateliers et d\u2019\u00e9v\u00e9nements, illustration, visualisation et graphique design de pr\u00e9sentations, pitchs, supports de cours, visualisation de strat\u00e9gies et images cibles<\/p>\n<\/div><\/div>\n\n\n\n<div style=\"height:40px\" aria-hidden=\"true\" class=\"wp-block-spacer\"><\/div>\n\n\n\n<h1 class=\"wp-block-heading has-text-align-center\">Domaines, clients et r\u00e9f\u00e9rences<\/h1>\n\n\n\n<p class=\"has-text-align-center\"><strong>M\u00e9dia<\/strong> (SSR, RTS, IMI), <strong>transport <\/strong>(SBB, BLS, Lufthansa Technik), <strong>acad\u00e9mique <\/strong>(EPFL, UniFr,InnoSuisse Robotics), <strong>assurance <\/strong>(La Mobili\u00e8re, Assura, AXA), <strong>administration<\/strong> (DDPS, DFJP, ASTRA, Canton NE), <strong>sant\u00e9 <\/strong>(HUG, J&#038;J, Ligue Pulmonaire), <strong>agroalimentaire <\/strong>(Migros, Nespresso), <strong>divers <\/strong>(La Poste, Pictet, ThinkSport, S-GE, TdH)<\/p>\n\n\n\n<p class=\"has-text-align-center\">R\u00e9f\u00e9rences sur demande.<\/p>\n\n\n\n<div class=\"wp-block-columns is-layout-flex wp-container-core-columns-is-layout-9d6595d7 wp-block-columns-is-layout-flex\">\n<div class=\"wp-block-column is-layout-flow wp-block-column-is-layout-flow\">\n<div class=\"wp-block-buttons is-content-justification-right is-layout-flex wp-container-core-buttons-is-layout-765c4724 wp-block-buttons-is-layout-flex\">\n<div class=\"wp-block-button is-style-fill\"><a class=\"wp-block-button__link has-white-color has-text-color has-link-color has-text-align-center wp-element-button\" href=\"https:\/\/www.snic.art\/fr\/bio-contact\/\">Contact<\/a><\/div>\n<\/div>\n<\/div>\n\n\n\n<div class=\"wp-block-column is-layout-flow wp-block-column-is-layout-flow\">\n<div class=\"wp-block-buttons is-layout-flex wp-block-buttons-is-layout-flex\">\n<div class=\"wp-block-button\"><a class=\"wp-block-button__link has-white-color has-text-color has-link-color wp-element-button\" href=\"https:\/\/doodle.com\/bp\/s%C3%A9bastienniclasse1\/faisons-connaissance-\" target=\"_blank\" rel=\"noreferrer noopener\">Prendre rendez-vous<\/a><\/div>\n<\/div>\n<\/div>\n<\/div>\n\n\n\n<h1 class=\"wp-block-heading\">Vous vous reconnaissez dans ces situations ?<\/h1>\n\n\n\n<p>Discutons ensemble de vos enjeux et voyons comment avancer concr\u00e8tement.<\/p>\n","protected":false},"excerpt":{"rendered":"<p>J\u2019aide les \u00e9quipes \u00e0 collaborer, innover et concevoir des solutions centr\u00e9es utilisateur. Par la facilitation, le design UX et l\u2019illustration, j\u2019aide les \u00e9quipes \u00e0 structurer leurs id\u00e9es et \u00e0 passer de la r\u00e9flexion \u00e0 des r\u00e9sultats concrets. Bas\u00e9 en Suisse, j\u2019interviens en fran\u00e7ais, allemand et anglais \u2014 principalement en Suisse romande et selon les projets&#8230;<\/p>\n","protected":false},"author":2,"featured_media":0,"parent":0,"menu_order":0,"comment_status":"closed","ping_status":"closed","template":"template-full-width.php","meta":{"_seopress_robots_primary_cat":"","_seopress_titles_title":"Facilitation, UX & illustration | snic.art","_seopress_titles_desc":"Trop de discussions, pas assez d\u2019avancement ? J\u2019aide vos \u00e9quipes \u00e0 collaborer, innover et rendre leurs id\u00e9es claires et concr\u00e8tes gr\u00e2ce \u00e0 la facilitation, au design UX et \u00e0 l\u2019illustration.","_seopress_robots_index":"","_seopress_analysis_target_kw":"","footnotes":""},"class_list":["post-1081","page","type-page","status-publish","hentry","has-content"],"_links":{"self":[{"href":"https:\/\/www.snic.art\/fr\/wp-json\/wp\/v2\/pages\/1081","targetHints":{"allow":["GET"]}}],"collection":[{"href":"https:\/\/www.snic.art\/fr\/wp-json\/wp\/v2\/pages"}],"about":[{"href":"https:\/\/www.snic.art\/fr\/wp-json\/wp\/v2\/types\/page"}],"author":[{"embeddable":true,"href":"https:\/\/www.snic.art\/fr\/wp-json\/wp\/v2\/users\/2"}],"replies":[{"embeddable":true,"href":"https:\/\/www.snic.art\/fr\/wp-json\/wp\/v2\/comments?post=1081"}],"version-history":[{"count":92,"href":"https:\/\/www.snic.art\/fr\/wp-json\/wp\/v2\/pages\/1081\/revisions"}],"predecessor-version":[{"id":2267,"href":"https:\/\/www.snic.art\/fr\/wp-json\/wp\/v2\/pages\/1081\/revisions\/2267"}],"wp:attachment":[{"href":"https:\/\/www.snic.art\/fr\/wp-json\/wp\/v2\/media?parent=1081"}],"curies":[{"name":"wp","href":"https:\/\/api.w.org\/{rel}","templated":true}]}}