{"id":1088,"date":"2020-05-21T09:17:30","date_gmt":"2020-05-21T09:17:30","guid":{"rendered":"https:\/\/sebastien.niclasse.ch\/?page_id=1088"},"modified":"2025-08-29T13:03:52","modified_gmt":"2025-08-29T13:03:52","slug":"work","status":"publish","type":"page","link":"https:\/\/www.snic.art\/fr\/work\/","title":{"rendered":"Portfolio"},"content":{"rendered":"\n<p class=\"has-medium-font-size\"><em>Ce portfolio pr\u00e9sente une s\u00e9lection \u00e9clectique de mes r\u00e9alisations, allant de l\u2019illustration \u00e0 la photographie, en passant par des projets en exp\u00e9rience utilisateur (CX\/UX). Il ne refl\u00e8te qu\u2019une partie de mon parcours cr\u00e9atif, mais offre un aper\u00e7u de ma sensibilit\u00e9 visuelle et de mon approche multidisciplinaire.<\/em><\/p>\n\n\n\n<div style=\"height:30px\" aria-hidden=\"true\" class=\"wp-block-spacer\"><\/div>\n\n\n\n<p><\/p>\n","protected":false},"excerpt":{"rendered":"<p>Ce portfolio pr\u00e9sente une s\u00e9lection \u00e9clectique de mes r\u00e9alisations, allant de l\u2019illustration \u00e0 la photographie, en passant par des projets en exp\u00e9rience utilisateur (CX\/UX). Il ne refl\u00e8te qu\u2019une partie de mon parcours cr\u00e9atif, mais offre un aper\u00e7u de ma sensibilit\u00e9 visuelle et de mon approche multidisciplinaire.<\/p>\n","protected":false},"author":2,"featured_media":0,"parent":0,"menu_order":0,"comment_status":"closed","ping_status":"closed","template":"template-portfolio.php","meta":{"_seopress_robots_primary_cat":"","_seopress_titles_title":"","_seopress_titles_desc":"","_seopress_robots_index":"","footnotes":""},"class_list":["post-1088","page","type-page","status-publish","hentry","has-content"],"_links":{"self":[{"href":"https:\/\/www.snic.art\/fr\/wp-json\/wp\/v2\/pages\/1088","targetHints":{"allow":["GET"]}}],"collection":[{"href":"https:\/\/www.snic.art\/fr\/wp-json\/wp\/v2\/pages"}],"about":[{"href":"https:\/\/www.snic.art\/fr\/wp-json\/wp\/v2\/types\/page"}],"author":[{"embeddable":true,"href":"https:\/\/www.snic.art\/fr\/wp-json\/wp\/v2\/users\/2"}],"replies":[{"embeddable":true,"href":"https:\/\/www.snic.art\/fr\/wp-json\/wp\/v2\/comments?post=1088"}],"version-history":[{"count":37,"href":"https:\/\/www.snic.art\/fr\/wp-json\/wp\/v2\/pages\/1088\/revisions"}],"predecessor-version":[{"id":2008,"href":"https:\/\/www.snic.art\/fr\/wp-json\/wp\/v2\/pages\/1088\/revisions\/2008"}],"wp:attachment":[{"href":"https:\/\/www.snic.art\/fr\/wp-json\/wp\/v2\/media?parent=1088"}],"curies":[{"name":"wp","href":"https:\/\/api.w.org\/{rel}","templated":true}]}}