{"id":1467,"date":"2024-04-14T14:37:37","date_gmt":"2024-04-14T14:37:37","guid":{"rendered":"https:\/\/www.snic.art\/?page_id=1467"},"modified":"2025-11-10T14:01:24","modified_gmt":"2025-11-10T14:01:24","slug":"bio-contact","status":"publish","type":"page","link":"https:\/\/www.snic.art\/fr\/bio-contact\/","title":{"rendered":"Bio &#038; contact"},"content":{"rendered":"\n<h1 class=\"wp-block-heading has-medium-font-size\">S\u00e9bastien Niclasse<\/h1>\n\n\n\n<h3 class=\"wp-block-heading has-small-font-size\"><strong>Freelance Business &#038; innovation coach \u2022 Creative facilitator \u2022 Enthusiast Teacher <\/strong><br><strong>Passionate illustrator, Graphic Facilitator and UX Designer<\/strong><\/h3>\n\n\n\n<p><a href=\"https:\/\/www.linkedin.com\/in\/niclasse\">linkedin.com\/in\/niclasse<\/a><\/p>\n\n\n\n<p>Quelques mots sur mon parcours. J\u2019ai grandi 20 ans \u00e0 Berne et du coup j\u2019ai le privil\u00e8ge d&rsquo;\u00eatre bilingue et comprendre le Schwizerd\u00fctsch, n&rsquo;h\u00e9sitez pas \u00e0 m&rsquo;\u00e9crire en allemand \ud83d\ude00 \u00e0 l&rsquo;adresse info at snic.art<\/p>\n\n\n\n<p>Dans ma \u00ab premi\u00e8re vie professionnelle \u00bb j\u2019ai \u00e9tudi\u00e9 l\u2019informatique \u00e0 l\u2019\u00e9cole d\u2019ing\u00e9nieur de Fribourg. J\u2019ai r\u00e9alis\u00e9 des applications en Java et des bases de donn\u00e9es. J\u2019ai appris \u00e0 comprendre les coulisses de l\u2019informatique, les algorithmes, la programmation et ceux qui leur donnent vie.<\/p>\n\n\n\n<p>La technique c\u2019est bien mais il me manquait l\u2019humain. J\u2019ai commenc\u00e9 ma \u00ab deuxi\u00e8me vie \u00bb par compl\u00e9ter mes comp\u00e9tences avec un MAS en design d\u2019interaction homme-machine (User Experience, UX). J\u2019en ai appris plus sur le design, la psychologie et comment l\u2019humain interagi avec la machine. J\u2019ai ainsi pu aider les ing\u00e9nieurs de ma premi\u00e8re vie \u00e0 r\u00e9aliser des applications adapt\u00e9es et utilisables \ud83d\ude42<\/p>\n\n\n\n<p>Dans ma \u00ab\u00a0troisi\u00e8me vie\u00a0\u00bb professionnelle, j\u2019ai \u00e9largi mon horizon \u00e0 l\u2019innovation, la strat\u00e9gie et la transformation. J\u2019ai con\u00e7u d\u2019autres types de produit, service et processus. J\u2019ai facilit\u00e9 des centaines d\u2019ateliers et formations. J\u2019ai accompagn\u00e9 des groupes dans la cr\u00e9ation de nouveaux produits ou services, de mani\u00e8re participative et centr\u00e9e sur le client. J\u2019ai aid\u00e9 \u00e0 fa\u00e7onner des strat\u00e9gies et accompagner leur mise en place. Et l\u2019illustration dans tous \u00e7a ? Omnipr\u00e9sente pour soutenir mon travail, faciliter la compr\u00e9hension des \u00e9quipes, favoriser l\u2019adh\u00e9sion.<\/p>\n\n\n\n<p>Ma \u00ab&nbsp;quatri\u00e8me vie&nbsp;\u00bb professionnelle ? Peut-\u00eatre en ferez-vous parti ? Je me r\u00e9jouis de votre message, demande ou de votre appel.<\/p>\n\n\n\n<div class=\"wp-block-buttons is-layout-flex wp-block-buttons-is-layout-flex\">\n<div class=\"wp-block-button\"><a class=\"wp-block-button__link has-white-color has-black-background-color has-text-color has-background has-link-color wp-element-button\" href=\"https:\/\/doodle.com\/bp\/s%C3%A9bastienniclasse1\/faisons-connaissance-\">Prendre rendez-vous<\/a><\/div>\n<\/div>\n\n\n\n<div style=\"height:200px\" aria-hidden=\"true\" class=\"wp-block-spacer\"><\/div>\n\n\n\n<p>Cr\u00e9dit photo: Val\u00e9rie Niclasse<\/p>\n","protected":false},"excerpt":{"rendered":"<p>S\u00e9bastien Niclasse Freelance Business &#038; innovation coach \u2022 Creative facilitator \u2022 Enthusiast Teacher Passionate illustrator, Graphic Facilitator and UX Designer linkedin.com\/in\/niclasse Quelques mots sur mon parcours. J\u2019ai grandi 20 ans \u00e0 Berne et du coup j\u2019ai le privil\u00e8ge d&rsquo;\u00eatre bilingue et comprendre le Schwizerd\u00fctsch, n&rsquo;h\u00e9sitez pas \u00e0 m&rsquo;\u00e9crire en allemand \ud83d\ude00 \u00e0 l&rsquo;adresse info at&#8230;<\/p>\n","protected":false},"author":2,"featured_media":0,"parent":0,"menu_order":0,"comment_status":"closed","ping_status":"closed","template":"template-full-width.php","meta":{"_seopress_robots_primary_cat":"","_seopress_titles_title":"","_seopress_titles_desc":"","_seopress_robots_index":"","footnotes":""},"class_list":["post-1467","page","type-page","status-publish","hentry","has-content"],"_links":{"self":[{"href":"https:\/\/www.snic.art\/fr\/wp-json\/wp\/v2\/pages\/1467","targetHints":{"allow":["GET"]}}],"collection":[{"href":"https:\/\/www.snic.art\/fr\/wp-json\/wp\/v2\/pages"}],"about":[{"href":"https:\/\/www.snic.art\/fr\/wp-json\/wp\/v2\/types\/page"}],"author":[{"embeddable":true,"href":"https:\/\/www.snic.art\/fr\/wp-json\/wp\/v2\/users\/2"}],"replies":[{"embeddable":true,"href":"https:\/\/www.snic.art\/fr\/wp-json\/wp\/v2\/comments?post=1467"}],"version-history":[{"count":39,"href":"https:\/\/www.snic.art\/fr\/wp-json\/wp\/v2\/pages\/1467\/revisions"}],"predecessor-version":[{"id":2049,"href":"https:\/\/www.snic.art\/fr\/wp-json\/wp\/v2\/pages\/1467\/revisions\/2049"}],"wp:attachment":[{"href":"https:\/\/www.snic.art\/fr\/wp-json\/wp\/v2\/media?parent=1467"}],"curies":[{"name":"wp","href":"https:\/\/api.w.org\/{rel}","templated":true}]}}