{"id":1651,"date":"2024-04-28T12:29:23","date_gmt":"2024-04-28T12:29:23","guid":{"rendered":"https:\/\/www.snic.art\/?page_id=1651"},"modified":"2024-04-28T13:03:41","modified_gmt":"2024-04-28T13:03:41","slug":"blog-2","status":"publish","type":"page","link":"https:\/\/www.snic.art\/fr\/blog-2\/","title":{"rendered":"Blog"},"content":{"rendered":"\n<h2 class=\"wp-block-heading has-medium-font-size\">Blog<\/h2>\n\n\n\n<div style=\"height:60px\" aria-hidden=\"true\" class=\"wp-block-spacer\"><\/div>\n\n\n<ul class=\"wp-block-latest-posts__list is-grid columns-3 has-dates wp-block-latest-posts\"><li><div class=\"wp-block-latest-posts__featured-image\"><a href=\"https:\/\/www.snic.art\/fr\/the-dead-horse-theory\/\" aria-label=\"The dead horse theory\"><img loading=\"lazy\" decoding=\"async\" width=\"150\" height=\"150\" src=\"https:\/\/www.snic.art\/wp-content\/uploads\/2024\/10\/dead_horse-150x150.png\" class=\"attachment-thumbnail size-thumbnail wp-post-image\" alt=\"\" style=\"\" \/><\/a><\/div><a class=\"wp-block-latest-posts__post-title\" href=\"https:\/\/www.snic.art\/fr\/the-dead-horse-theory\/\">The dead horse theory<\/a><time datetime=\"2024-10-03T09:56:47+00:00\" class=\"wp-block-latest-posts__post-date\">03\/10\/2024<\/time><div class=\"wp-block-latest-posts__post-excerpt\">\u00ab\u00a0The dead horse theory\u00a0\u00bb ce n\u2019est pas une m\u00e9thode de g\u00e9n\u00e9ration d\u2019id\u00e9e disruptive (\u00e7a c\u2019est le dark horse), ce n\u2019est pas non plus une strat\u00e9gie de cyberattaque (\u00e7a c\u2019est le cheval de Troie). Cela viendrait d\u2019un proverbe\u00a0am\u00e9rindien qui dirait : \u00ab\u00a0Lorsque vous d\u00e9couvrez que vous montez un cheval mort, la meilleure strat\u00e9gie est d&rsquo;en descendre.\u00a0\u00bb&#8230;<\/div><\/li>\n<li><div class=\"wp-block-latest-posts__featured-image\"><a href=\"https:\/\/www.snic.art\/fr\/un-seminaire-de-preparation-a-la-retraite-illustre\/\" aria-label=\"Un s\u00e9minaire de pr\u00e9paration \u00e0 la retraite illustr\u00e9\"><img loading=\"lazy\" decoding=\"async\" width=\"150\" height=\"150\" src=\"https:\/\/www.snic.art\/wp-content\/uploads\/2024\/10\/calmon-150x150.png\" class=\"attachment-thumbnail size-thumbnail wp-post-image\" alt=\"\" style=\"\" \/><\/a><\/div><a class=\"wp-block-latest-posts__post-title\" href=\"https:\/\/www.snic.art\/fr\/un-seminaire-de-preparation-a-la-retraite-illustre\/\">Un s\u00e9minaire de pr\u00e9paration \u00e0 la retraite illustr\u00e9<\/a><time datetime=\"2024-09-19T09:46:09+00:00\" class=\"wp-block-latest-posts__post-date\">19\/09\/2024<\/time><div class=\"wp-block-latest-posts__post-excerpt\">Plein de Succ\u00e8s \u00e0 Gianni Calderoni et Laurent Monney de CalMon Conseils, pour qui j&rsquo;ai pu r\u00e9aliser une s\u00e9rie d&rsquo;illustrations pour leur s\u00e9minaire de pr\u00e9paration \u00e0 la retraite (https:\/\/www.calmon.ch\/seminaire-de-preparation-a-la-retraite\/). Le r\u00e9sultat est top &#x1f60a;<\/div><\/li>\n<li><div class=\"wp-block-latest-posts__featured-image\"><a href=\"https:\/\/www.snic.art\/fr\/leffet-eliza\/\" aria-label=\"L&rsquo;effet Eliza\"><img loading=\"lazy\" decoding=\"async\" width=\"150\" height=\"150\" src=\"https:\/\/www.snic.art\/wp-content\/uploads\/2024\/10\/elisa-150x150.png\" class=\"attachment-thumbnail size-thumbnail wp-post-image\" alt=\"\" style=\"\" \/><\/a><\/div><a class=\"wp-block-latest-posts__post-title\" href=\"https:\/\/www.snic.art\/fr\/leffet-eliza\/\">L&rsquo;effet Eliza<\/a><time datetime=\"2024-09-06T09:53:29+00:00\" class=\"wp-block-latest-posts__post-date\">06\/09\/2024<\/time><div class=\"wp-block-latest-posts__post-excerpt\">Est-ce que l\u2019effet ELISA nous guette toutes et tous\u00a0?Dans le domaine informatique, cela d\u00e9signe la tendance \u00e0 assimiler de mani\u00e8re inconsciente le comportement d&rsquo;un ordinateur \u00e0 celui d&rsquo;un \u00eatre humain, on parle d\u2019anthropomorphisme. (source wikipedia). Le simple fait d&rsquo;illustrer un chatbot ou une IA sous cette forme c\u2019est d\u00e9j\u00e0 de l\u2019anthropomorphisme\u00a0&#x1f60a; \u00c0 l\u2019\u00e9poque (1966) Joseph&#8230;<\/div><\/li>\n<li><div class=\"wp-block-latest-posts__featured-image\"><a href=\"https:\/\/www.snic.art\/fr\/hello-new-world\/\" aria-label=\"Hello \u2013 new \u2013 World\"><img loading=\"lazy\" decoding=\"async\" width=\"150\" height=\"150\" src=\"https:\/\/www.snic.art\/wp-content\/uploads\/2024\/04\/start_light-150x150.png\" class=\"attachment-thumbnail size-thumbnail wp-post-image\" alt=\"\" style=\"\" \/><\/a><\/div><a class=\"wp-block-latest-posts__post-title\" href=\"https:\/\/www.snic.art\/fr\/hello-new-world\/\">Hello \u2013 new \u2013 World<\/a><time datetime=\"2024-04-28T08:29:45+00:00\" class=\"wp-block-latest-posts__post-date\">28\/04\/2024<\/time><div class=\"wp-block-latest-posts__post-excerpt\">J&rsquo;ai commenc\u00e9 \u00e0 partir du 1er\u00a0novembre 2023 une petite activit\u00e9 accessoire cr\u00e9ative (traduction: je suis freelance \u00e0 20%)&#8230;<\/div><\/li>\n<\/ul>","protected":false},"excerpt":{"rendered":"<p>Blog<\/p>\n","protected":false},"author":2,"featured_media":0,"parent":0,"menu_order":0,"comment_status":"closed","ping_status":"closed","template":"template-full-width.php","meta":{"_seopress_robots_primary_cat":"","_seopress_titles_title":"","_seopress_titles_desc":"","_seopress_robots_index":"","footnotes":""},"class_list":["post-1651","page","type-page","status-publish","hentry","has-content"],"_links":{"self":[{"href":"https:\/\/www.snic.art\/fr\/wp-json\/wp\/v2\/pages\/1651","targetHints":{"allow":["GET"]}}],"collection":[{"href":"https:\/\/www.snic.art\/fr\/wp-json\/wp\/v2\/pages"}],"about":[{"href":"https:\/\/www.snic.art\/fr\/wp-json\/wp\/v2\/types\/page"}],"author":[{"embeddable":true,"href":"https:\/\/www.snic.art\/fr\/wp-json\/wp\/v2\/users\/2"}],"replies":[{"embeddable":true,"href":"https:\/\/www.snic.art\/fr\/wp-json\/wp\/v2\/comments?post=1651"}],"version-history":[{"count":7,"href":"https:\/\/www.snic.art\/fr\/wp-json\/wp\/v2\/pages\/1651\/revisions"}],"predecessor-version":[{"id":1670,"href":"https:\/\/www.snic.art\/fr\/wp-json\/wp\/v2\/pages\/1651\/revisions\/1670"}],"wp:attachment":[{"href":"https:\/\/www.snic.art\/fr\/wp-json\/wp\/v2\/media?parent=1651"}],"curies":[{"name":"wp","href":"https:\/\/api.w.org\/{rel}","templated":true}]}}