{"id":2239,"date":"2026-05-16T11:51:49","date_gmt":"2026-05-16T11:51:49","guid":{"rendered":"https:\/\/www.snic.art\/fr\/?page_id=2239"},"modified":"2026-05-16T12:15:15","modified_gmt":"2026-05-16T12:15:15","slug":"facilitation-de-groupe","status":"publish","type":"page","link":"https:\/\/www.snic.art\/fr\/facilitation-de-groupe\/","title":{"rendered":"Facilitation de groupe"},"content":{"rendered":"\n<h1 class=\"wp-block-heading\">Facilitation de groupe et ateliers d\u2019innovation<\/h1>\n\n\n\n<figure class=\"wp-block-image size-full\"><a href=\"https:\/\/www.snic.art\/wp-content\/uploads\/2025\/08\/faci.png\"><img alt=\"\" loading=\"lazy\" decoding=\"async\" width=\"897\" height=\"641\" src=\"https:\/\/www.snic.art\/wp-content\/uploads\/2025\/08\/faci.png\" alt=\"\" class=\"wp-image-1926\" srcset=\"https:\/\/www.snic.art\/wp-content\/uploads\/2025\/08\/faci.png 897w, https:\/\/www.snic.art\/wp-content\/uploads\/2025\/08\/faci-300x214.png 300w, https:\/\/www.snic.art\/wp-content\/uploads\/2025\/08\/faci-768x549.png 768w\" sizes=\"auto, (max-width: 897px) 100vw, 897px\" \/><\/a><\/figure>\n\n\n\n<p><br>Par la facilitation de groupe, j\u2019aide les \u00e9quipes \u00e0 collaborer efficacement, structurer leurs id\u00e9es et transformer leurs \u00e9changes en r\u00e9sultats concrets.<\/p>\n\n\n\n<h2 class=\"wp-block-heading\">Vous \u00eates confront\u00e9 \u00e0 des situations o\u00f9 :<\/h2>\n\n\n\n<ul class=\"wp-block-list\">\n<li>les discussions sont nombreuses mais n\u2019aboutissent pas \u00e0 des d\u00e9cisions concr\u00e8tes&nbsp;<\/li>\n\n\n\n<li>les id\u00e9es mettent du temps \u00e0 se transformer en projets r\u00e9els&nbsp;<\/li>\n\n\n\n<li>des blocages apparaissent entre \u00e9quipes ou d\u00e9partements&nbsp;<\/li>\n\n\n\n<li>le changement est n\u00e9cessaire, mais difficile \u00e0 structurer et \u00e0 faire accepter&nbsp;<\/li>\n<\/ul>\n\n\n\n<p>Dans ces contextes, il devient difficile d\u2019avancer de mani\u00e8re claire, rapide et align\u00e9e. <\/p>\n\n\n\n<h2 class=\"wp-block-heading\">Je vous aide \u00e0 :<\/h2>\n\n\n\n<ul class=\"wp-block-list\">\n<li>transformer vos \u00e9changes en d\u00e9cisions concr\u00e8tes et en plans d\u2019action&nbsp;<\/li>\n\n\n\n<li>acc\u00e9l\u00e9rer le passage de l\u2019id\u00e9e \u00e0 une solution testable&nbsp;<\/li>\n\n\n\n<li>aligner les \u00e9quipes autour d\u2019une vision commune&nbsp;<\/li>\n\n\n\n<li>structurer et faciliter le changement de mani\u00e8re fluide et collaborative&nbsp;<\/li>\n<\/ul>\n\n\n\n<h2 class=\"wp-block-heading\">Comment je travaille<\/h2>\n\n\n\n<p>Chaque intervention est con\u00e7ue ensemble et sur mesure, en fonction de votre contexte et de vos objectifs. <\/p>\n\n\n\n<p>Concr\u00e8tement, j\u2019interviens en :<\/p>\n\n\n\n<ul class=\"wp-block-list\">\n<li>concevant et animant des ateliers adapt\u00e9s \u00e0 vos enjeux&nbsp;<\/li>\n\n\n\n<li>structurant les \u00e9changes pour faire \u00e9merger des d\u00e9cisions claires&nbsp;<\/li>\n\n\n\n<li>facilitant la collaboration entre diff\u00e9rentes parties prenantes&nbsp;<\/li>\n\n\n\n<li>transformant les id\u00e9es en r\u00e9sultats concrets (plans d\u2019action, prototypes, vision partag\u00e9e)<\/li>\n<\/ul>\n\n\n\n<p>J\u2019interviens notamment pour :<\/p>\n\n\n\n<h2 class=\"wp-block-heading\">Exp\u00e9riences &#038; r\u00e9f\u00e9rences<\/h2>\n\n\n\n<p>J\u2019ai facilit\u00e9 plus de 90 ateliers depuis 2019 et donn\u00e9 plus de 100 jours de formation, dans des contextes vari\u00e9s : entreprises priv\u00e9es, administrations publiques et institutions acad\u00e9miques.<\/p>\n\n\n\n<p>Exemples d\u2019interventions :<\/p>\n\n\n\n<p><strong>&#x25b6; Atelier d\u2019innovation \u2013 industrie et services&nbsp;<\/strong><\/p>\n\n\n\n<p>\u2192 Accompagnement d\u2019un processus complet d\u2019innovation (Design Thinking), de l\u2019identification des besoins \u00e0 la g\u00e9n\u00e9ration, au prototypage et \u00e0 la validation de solutions concr\u00e8tes&nbsp;<\/p>\n\n\n\n<p><strong>&#x25b6; Prospective strat\u00e9gique \u2013 institution acad\u00e9mique&nbsp;<\/strong><\/p>\n\n\n\n<p>\u2192 Co-cr\u00e9ation de sc\u00e9narios prospectifs et animation d\u2019un atelier de design fiction pour explorer les \u00e9volutions futures d\u2019un m\u00e9tier&nbsp;<\/p>\n\n\n\n<p><strong>&#x25b6; Journ\u00e9e d\u2019\u00e9quipe \u2013 milieu hospitalier&nbsp;<\/strong><\/p>\n\n\n\n<p>\u2192 Animation d\u2019un World Caf\u00e9 r\u00e9unissant 60 personnes, pour favoriser l\u2019expression des collaborateurs et soutenir la prise de fonction d\u2019un nouveau responsable&nbsp;<\/p>\n\n\n\n<p><strong>&#x25b6; Accompagnement au changement \u2013 atelier m\u00e9canique&nbsp;<\/strong><\/p>\n\n\n\n<p>\u2192 Structuration des \u00e9changes et du planning autour d\u2019un projet de changement d\u2019ERP, en int\u00e9grant les diff\u00e9rentes parties prenantes<\/p>\n\n\n\n<h2 class=\"wp-block-heading\">Vous vous reconnaissez dans ces situations ?<\/h2>\n\n\n\n<p>Discutons de vos enjeux et voyons comment avancer concr\u00e8tement.<\/p>\n\n\n\n<div class=\"wp-block-columns is-layout-flex wp-container-core-columns-is-layout-9d6595d7 wp-block-columns-is-layout-flex\">\n<div class=\"wp-block-column is-layout-flow wp-block-column-is-layout-flow\">\n<div class=\"wp-block-buttons is-layout-flex wp-block-buttons-is-layout-flex\">\n<div class=\"wp-block-button\"><a class=\"wp-block-button__link has-white-color has-text-color has-link-color wp-element-button\" href=\"https:\/\/doodle.com\/bp\/s%C3%A9bastienniclasse1\/faisons-connaissance-\" target=\"_blank\" rel=\"noreferrer noopener\">Discuter de votre situation<\/a><\/div>\n\n\n\n<div class=\"wp-block-button is-style-fill\"><a class=\"wp-block-button__link has-white-color has-text-color has-link-color has-text-align-center wp-element-button\" href=\"https:\/\/www.snic.art\/fr\/bio-contact\/\">Contact<\/a><\/div>\n<\/div>\n<\/div>\n<\/div>\n\n\n\n<p><\/p>\n","protected":false},"excerpt":{"rendered":"<p>Facilitation de groupe et ateliers d\u2019innovation Par la facilitation de groupe, j\u2019aide les \u00e9quipes \u00e0 collaborer efficacement, structurer leurs id\u00e9es et transformer leurs \u00e9changes en r\u00e9sultats concrets. Vous \u00eates confront\u00e9 \u00e0 des situations o\u00f9 : Dans ces contextes, il devient difficile d\u2019avancer de mani\u00e8re claire, rapide et align\u00e9e. Je vous aide \u00e0 : Comment je&#8230;<\/p>\n","protected":false},"author":2,"featured_media":0,"parent":0,"menu_order":0,"comment_status":"closed","ping_status":"closed","template":"template-full-width.php","meta":{"_seopress_robots_primary_cat":"","_seopress_titles_title":"Facilitation de groupe & innovation | snic.art","_seopress_titles_desc":"Facilitation d\u2019ateliers, Design Thinking et innovation. J\u2019aide vos \u00e9quipes \u00e0 collaborer efficacement et \u00e0 transformer leurs id\u00e9es en solutions concr\u00e8tes.","_seopress_robots_index":"","_seopress_analysis_target_kw":"","footnotes":""},"class_list":["post-2239","page","type-page","status-publish","hentry","has-content"],"_links":{"self":[{"href":"https:\/\/www.snic.art\/fr\/wp-json\/wp\/v2\/pages\/2239","targetHints":{"allow":["GET"]}}],"collection":[{"href":"https:\/\/www.snic.art\/fr\/wp-json\/wp\/v2\/pages"}],"about":[{"href":"https:\/\/www.snic.art\/fr\/wp-json\/wp\/v2\/types\/page"}],"author":[{"embeddable":true,"href":"https:\/\/www.snic.art\/fr\/wp-json\/wp\/v2\/users\/2"}],"replies":[{"embeddable":true,"href":"https:\/\/www.snic.art\/fr\/wp-json\/wp\/v2\/comments?post=2239"}],"version-history":[{"count":9,"href":"https:\/\/www.snic.art\/fr\/wp-json\/wp\/v2\/pages\/2239\/revisions"}],"predecessor-version":[{"id":2251,"href":"https:\/\/www.snic.art\/fr\/wp-json\/wp\/v2\/pages\/2239\/revisions\/2251"}],"wp:attachment":[{"href":"https:\/\/www.snic.art\/fr\/wp-json\/wp\/v2\/media?parent=2239"}],"curies":[{"name":"wp","href":"https:\/\/api.w.org\/{rel}","templated":true}]}}